{"id":8847,"date":"2020-02-13T15:09:14","date_gmt":"2020-02-13T14:09:14","guid":{"rendered":"https:\/\/safedriver.de\/job-application-rental-car-driver\/"},"modified":"2023-12-13T18:08:13","modified_gmt":"2023-12-13T17:08:13","slug":"job-application-rental-car-driver","status":"publish","type":"page","link":"https:\/\/safedriver.de\/en\/job-application-rental-car-driver\/","title":{"rendered":"Job Application: Rental Car Driver"},"content":{"rendered":"<div class=\"wpb-content-wrapper\"><p>[vc_row row_height_percent=&#8221;0&#8243; override_padding=&#8221;yes&#8221; h_padding=&#8221;2&#8243; top_padding=&#8221;4&#8243; bottom_padding=&#8221;4&#8243; overlay_alpha=&#8221;50&#8243; gutter_size=&#8221;3&#8243; column_width_percent=&#8221;100&#8243; shift_y=&#8221;0&#8243; z_index=&#8221;0&#8243; uncode_shortcode_id=&#8221;188659&#8243;][vc_column column_width_percent=&#8221;100&#8243; gutter_size=&#8221;3&#8243; back_color=&#8221;color-xsdn&#8221; overlay_alpha=&#8221;50&#8243; shift_x=&#8221;0&#8243; shift_y=&#8221;0&#8243; shift_y_down=&#8221;0&#8243; z_index=&#8221;0&#8243; medium_width=&#8221;0&#8243; mobile_width=&#8221;0&#8243; radius=&#8221;xl&#8221; width=&#8221;1\/1&#8243; uncode_shortcode_id=&#8221;466216&#8243; back_color_type=&#8221;uncode-palette&#8221;]<div class=\"wpforms-container wpforms-container-full\" id=\"wpforms-7884\"><form id=\"wpforms-form-7884\" class=\"wpforms-validate wpforms-form\" data-formid=\"7884\" method=\"post\" enctype=\"multipart\/form-data\" action=\"\/en\/wp-json\/wp\/v2\/pages\/8847\" data-token=\"27f0b4fdea9bb94118b02df8715170f5\" data-token-time=\"1775282424\"><noscript class=\"wpforms-error-noscript\">Please enable JavaScript in your browser to complete this form.<\/noscript><div class=\"wpforms-page-indicator progress\" data-indicator=\"progress\" data-indicator-color=\"#72b239\" data-scroll=\"1\"><span class=\"wpforms-page-indicator-page-title\" ><\/span><span class=\"wpforms-page-indicator-page-title-sep\" style=\"display:none;\"> - <\/span><span class=\"wpforms-page-indicator-steps\">Step <span class=\"wpforms-page-indicator-steps-current\">1<\/span> of 3<\/span><div class=\"wpforms-page-indicator-page-progress-wrap\"><div class=\"wpforms-page-indicator-page-progress\" style=\"width:33.333333333333%;background-color:#72b239\"><\/div><\/div><\/div><div class=\"wpforms-field-container\"><div class=\"wpforms-page wpforms-page-1 \" data-page=\"1\"><div id=\"wpforms-7884-field_82-container\" class=\"wpforms-field wpforms-field-pagebreak\" data-field-id=\"82\"><\/div><div id=\"wpforms-7884-field_34-container\" class=\"wpforms-field wpforms-field-divider\" data-field-id=\"34\"><h3 id=\"wpforms-7884-field_34\">Pers\u00f6nliche Informationen<\/h3><\/div><div id=\"wpforms-7884-field_9-container\" class=\"wpforms-field wpforms-field-radio wpforms-list-inline\" data-field-id=\"9\"><label class=\"wpforms-field-label\">Anrede <span class=\"wpforms-required-label\">*<\/span><\/label><ul id=\"wpforms-7884-field_9\" class=\"wpforms-field-required\"><li class=\"choice-1 depth-1\"><input type=\"radio\" id=\"wpforms-7884-field_9_1\" name=\"wpforms[fields][9]\" value=\"Herr\" required ><label class=\"wpforms-field-label-inline\" for=\"wpforms-7884-field_9_1\">Herr<\/label><\/li><li class=\"choice-2 depth-1\"><input type=\"radio\" id=\"wpforms-7884-field_9_2\" name=\"wpforms[fields][9]\" value=\"Frau\" required ><label class=\"wpforms-field-label-inline\" for=\"wpforms-7884-field_9_2\">Frau<\/label><\/li><li class=\"choice-3 depth-1\"><input type=\"radio\" id=\"wpforms-7884-field_9_3\" name=\"wpforms[fields][9]\" value=\"Divers\" required ><label class=\"wpforms-field-label-inline\" for=\"wpforms-7884-field_9_3\">Divers<\/label><\/li><\/ul><\/div><div id=\"wpforms-7884-field_10-container\" class=\"wpforms-field wpforms-field-text wpforms-one-half wpforms-first wpforms-mobile-full\" data-field-id=\"10\"><label class=\"wpforms-field-label\" for=\"wpforms-7884-field_10\">Vorname <span class=\"wpforms-required-label\">*<\/span><\/label><input type=\"text\" id=\"wpforms-7884-field_10\" class=\"wpforms-field-large wpforms-field-required\" name=\"wpforms[fields][10]\" required><\/div><div id=\"wpforms-7884-field_11-container\" class=\"wpforms-field wpforms-field-text wpforms-one-half wpforms-mobile-full\" data-field-id=\"11\"><label class=\"wpforms-field-label\" for=\"wpforms-7884-field_11\">Nachname <span class=\"wpforms-required-label\">*<\/span><\/label><input type=\"text\" id=\"wpforms-7884-field_11\" class=\"wpforms-field-large wpforms-field-required\" name=\"wpforms[fields][11]\" required><\/div><div id=\"wpforms-7884-field_12-container\" class=\"wpforms-field wpforms-field-phone wpforms-one-half wpforms-first wpforms-mobile-full\" data-field-id=\"12\"><label class=\"wpforms-field-label\" for=\"wpforms-7884-field_12\">Telefon <span class=\"wpforms-required-label\">*<\/span><\/label><input type=\"tel\" id=\"wpforms-7884-field_12\" class=\"wpforms-field-large wpforms-field-required\" data-rule-int-phone-field=\"true\" name=\"wpforms[fields][12]\" aria-label=\"Telefon\" required><\/div><div id=\"wpforms-7884-field_13-container\" class=\"wpforms-field wpforms-field-email wpforms-one-half wpforms-mobile-full\" data-field-id=\"13\"><label class=\"wpforms-field-label\" for=\"wpforms-7884-field_13\">E-Mail <span class=\"wpforms-required-label\">*<\/span><\/label><input type=\"email\" id=\"wpforms-7884-field_13\" class=\"wpforms-field-large wpforms-field-required\" name=\"wpforms[fields][13]\" spellcheck=\"false\" required><\/div><div id=\"wpforms-7884-field_81-container\" class=\"wpforms-field wpforms-field-pagebreak\" data-field-id=\"81\"><div class=\"wpforms-clear wpforms-pagebreak-left\"><button class=\"wpforms-page-button wpforms-page-next\" data-action=\"next\" data-page=\"1\" data-formid=\"7884\" disabled>Weiter<\/button><\/div><\/div><\/div><div class=\"wpforms-page wpforms-page-2  \" data-page=\"2\" style=\"display:none;\"><div id=\"wpforms-7884-field_36-container\" class=\"wpforms-field wpforms-field-divider\" data-field-id=\"36\"><h3 id=\"wpforms-7884-field_36\">Arbeitsort und -vertrag<\/h3><\/div><div id=\"wpforms-7884-field_35-container\" class=\"wpforms-field wpforms-field-select wpforms-one-half wpforms-first wpforms-mobile-full wpforms-field-select-style-classic\" data-field-id=\"35\"><label class=\"wpforms-field-label\" for=\"wpforms-7884-field_35\">In welcher Stadt m\u00f6chtest du als Mietwagenfahrer (m\/w\/d) arbeiten? <span class=\"wpforms-required-label\">*<\/span><\/label><select id=\"wpforms-7884-field_35\" class=\"wpforms-field-large wpforms-field-required\" name=\"wpforms[fields][35]\" required=\"required\"><option value=\"\" class=\"placeholder\" disabled  selected='selected'>W\u00e4hle eine Stadt<\/option><option value=\"Berlin\"  class=\"choice-1 depth-1\"  >Berlin<\/option><option value=\"D\u00fcsseldorf\"  class=\"choice-2 depth-1\"  >D\u00fcsseldorf<\/option><option value=\"Frankfurt\"  class=\"choice-3 depth-1\"  >Frankfurt<\/option><option value=\"Hamburg\"  class=\"choice-4 depth-1\"  >Hamburg<\/option><option value=\"Hannover\"  class=\"choice-5 depth-1\"  >Hannover<\/option><option value=\"K\u00f6ln\"  class=\"choice-6 depth-1\"  >K\u00f6ln<\/option><option value=\"M\u00fcnchen\"  class=\"choice-8 depth-1\"  >M\u00fcnchen<\/option><option value=\"Stuttgart\"  class=\"choice-7 depth-1\"  >Stuttgart<\/option><\/select><\/div><div id=\"wpforms-7884-field_68-container\" class=\"wpforms-field wpforms-field-select wpforms-one-half wpforms-mobile-full wpforms-field-select-style-classic\" data-field-id=\"68\"><label class=\"wpforms-field-label\" for=\"wpforms-7884-field_68\">F\u00fcr welchen Arbeitsvertrag interessierst du dich? <span class=\"wpforms-required-label\">*<\/span><\/label><select id=\"wpforms-7884-field_68\" class=\"wpforms-field-large wpforms-field-required\" name=\"wpforms[fields][68]\" required=\"required\"><option value=\"\" class=\"placeholder\" disabled  selected='selected'>W\u00e4hle ein Arbeitszeitmodell<\/option><option value=\"Vollzeit (40 Stunden pro Woche)\"  class=\"choice-1 depth-1\"  >Vollzeit (40 Stunden pro Woche)<\/option><option value=\"Teilzeit (15-35 Stunden pro Woche)\"  class=\"choice-2 depth-1\"  >Teilzeit (15-35 Stunden pro Woche)<\/option><option value=\"Minijob (10 Stunden pro Woche)\"  class=\"choice-3 depth-1\"  >Minijob (10 Stunden pro Woche)<\/option><option value=\"Werkstudent (bis 20 Stunden pro Monat)\"  class=\"choice-4 depth-1\"  >Werkstudent (bis 20 Stunden pro Monat)<\/option><\/select><\/div><div id=\"wpforms-7884-field_39-container\" class=\"wpforms-field wpforms-field-divider\" data-field-id=\"39\"><h3 id=\"wpforms-7884-field_39\">Fahrerlaubnis und -erfahrung<\/h3><\/div><div id=\"wpforms-7884-field_15-container\" class=\"wpforms-field wpforms-field-radio wpforms-one-half wpforms-first wpforms-mobile-full wpforms-list-inline\" data-field-id=\"15\"><label class=\"wpforms-field-label\">Besitzt du den EU-F\u00fchrerschein f\u00fcr PKW (Klasse B)? <span class=\"wpforms-required-label\">*<\/span><\/label><ul id=\"wpforms-7884-field_15\" class=\"wpforms-field-required\"><li class=\"choice-1 depth-1\"><input type=\"radio\" id=\"wpforms-7884-field_15_1\" name=\"wpforms[fields][15]\" value=\"Ja\" required ><label class=\"wpforms-field-label-inline\" for=\"wpforms-7884-field_15_1\">Ja<\/label><\/li><li class=\"choice-2 depth-1\"><input type=\"radio\" id=\"wpforms-7884-field_15_2\" name=\"wpforms[fields][15]\" value=\"Nein\" required ><label class=\"wpforms-field-label-inline\" for=\"wpforms-7884-field_15_2\">Nein<\/label><\/li><\/ul><\/div><div id=\"wpforms-7884-field_69-container\" class=\"wpforms-field wpforms-field-radio wpforms-one-half wpforms-mobile-full wpforms-list-inline wpforms-conditional-trigger\" data-field-id=\"69\"><label class=\"wpforms-field-label\">Besitzt du die Fahrerlaubnis zur Fahrgastbef\u00f6rderung (P-Schein)? <span class=\"wpforms-required-label\">*<\/span><\/label><ul id=\"wpforms-7884-field_69\" class=\"wpforms-field-required\"><li class=\"choice-1 depth-1\"><input type=\"radio\" id=\"wpforms-7884-field_69_1\" name=\"wpforms[fields][69]\" value=\"Ja\" required ><label class=\"wpforms-field-label-inline\" for=\"wpforms-7884-field_69_1\">Ja<\/label><\/li><li class=\"choice-3 depth-1\"><input type=\"radio\" id=\"wpforms-7884-field_69_3\" name=\"wpforms[fields][69]\" value=\"Nein\" required ><label class=\"wpforms-field-label-inline\" for=\"wpforms-7884-field_69_3\">Nein<\/label><\/li><li class=\"choice-4 depth-1\"><input type=\"radio\" id=\"wpforms-7884-field_69_4\" name=\"wpforms[fields][69]\" value=\"beantragt\" required ><label class=\"wpforms-field-label-inline\" for=\"wpforms-7884-field_69_4\">beantragt<\/label><\/li><\/ul><\/div><div id=\"wpforms-7884-field_76-container\" class=\"wpforms-field wpforms-field-divider wpforms-conditional-field wpforms-conditional-show\" data-field-id=\"76\" style=\"display:none;\"><h3 id=\"wpforms-7884-field_76\">Weitere Fragen<\/h3><\/div><div id=\"wpforms-7884-field_77-container\" class=\"wpforms-field wpforms-field-radio wpforms-one-half wpforms-first wpforms-mobile-full wpforms-list-inline wpforms-conditional-field wpforms-conditional-show\" data-field-id=\"77\" style=\"display:none;\"><label class=\"wpforms-field-label\">Bist du \u00e4lter als 21? <span class=\"wpforms-required-label\">*<\/span><\/label><ul id=\"wpforms-7884-field_77\" class=\"wpforms-field-required\"><li class=\"choice-1 depth-1\"><input type=\"radio\" id=\"wpforms-7884-field_77_1\" name=\"wpforms[fields][77]\" value=\"Ja\" required ><label class=\"wpforms-field-label-inline\" for=\"wpforms-7884-field_77_1\">Ja<\/label><\/li><li class=\"choice-2 depth-1\"><input type=\"radio\" id=\"wpforms-7884-field_77_2\" name=\"wpforms[fields][77]\" value=\"Nein\" required ><label class=\"wpforms-field-label-inline\" for=\"wpforms-7884-field_77_2\">Nein<\/label><\/li><\/ul><\/div><div id=\"wpforms-7884-field_78-container\" class=\"wpforms-field wpforms-field-radio wpforms-one-half wpforms-mobile-full wpforms-list-inline wpforms-conditional-field wpforms-conditional-show\" data-field-id=\"78\" style=\"display:none;\"><label class=\"wpforms-field-label\">Besitzt du einen EU-F\u00fchrerschein l\u00e4nger als 2 Jahre? <span class=\"wpforms-required-label\">*<\/span><\/label><ul id=\"wpforms-7884-field_78\" class=\"wpforms-field-required\"><li class=\"choice-1 depth-1\"><input type=\"radio\" id=\"wpforms-7884-field_78_1\" name=\"wpforms[fields][78]\" value=\"Ja\" required ><label class=\"wpforms-field-label-inline\" for=\"wpforms-7884-field_78_1\">Ja<\/label><\/li><li class=\"choice-2 depth-1\"><input type=\"radio\" id=\"wpforms-7884-field_78_2\" name=\"wpforms[fields][78]\" value=\"Nein\" required ><label class=\"wpforms-field-label-inline\" for=\"wpforms-7884-field_78_2\">Nein<\/label><\/li><\/ul><\/div><div id=\"wpforms-7884-field_79-container\" class=\"wpforms-field wpforms-field-radio wpforms-one-half wpforms-first wpforms-mobile-full wpforms-list-inline wpforms-conditional-field wpforms-conditional-show\" data-field-id=\"79\" style=\"display:none;\"><label class=\"wpforms-field-label\">Hast du ein sauberes F\u00fchrungszeugnis? <span class=\"wpforms-required-label\">*<\/span><\/label><ul id=\"wpforms-7884-field_79\" class=\"wpforms-field-required\"><li class=\"choice-1 depth-1\"><input type=\"radio\" id=\"wpforms-7884-field_79_1\" name=\"wpforms[fields][79]\" value=\"Ja\" required ><label class=\"wpforms-field-label-inline\" for=\"wpforms-7884-field_79_1\">Ja<\/label><\/li><li class=\"choice-2 depth-1\"><input type=\"radio\" id=\"wpforms-7884-field_79_2\" name=\"wpforms[fields][79]\" value=\"Nein\" required ><label class=\"wpforms-field-label-inline\" for=\"wpforms-7884-field_79_2\">Nein<\/label><\/li><\/ul><\/div><div id=\"wpforms-7884-field_80-container\" class=\"wpforms-field wpforms-field-radio wpforms-one-half wpforms-mobile-full wpforms-list-inline wpforms-conditional-field wpforms-conditional-show\" data-field-id=\"80\" style=\"display:none;\"><label class=\"wpforms-field-label\">Hast du weniger als 2 Punkte in Flensburg? <span class=\"wpforms-required-label\">*<\/span><\/label><ul id=\"wpforms-7884-field_80\" class=\"wpforms-field-required\"><li class=\"choice-1 depth-1\"><input type=\"radio\" id=\"wpforms-7884-field_80_1\" name=\"wpforms[fields][80]\" value=\"Ja\" required ><label class=\"wpforms-field-label-inline\" for=\"wpforms-7884-field_80_1\">Ja<\/label><\/li><li class=\"choice-2 depth-1\"><input type=\"radio\" id=\"wpforms-7884-field_80_2\" name=\"wpforms[fields][80]\" value=\"Nein\" required ><label class=\"wpforms-field-label-inline\" for=\"wpforms-7884-field_80_2\">Nein<\/label><\/li><\/ul><\/div><div id=\"wpforms-7884-field_62-container\" class=\"wpforms-field wpforms-field-divider\" data-field-id=\"62\"><h3 id=\"wpforms-7884-field_62\">Telefonische Erreichbarkeit<\/h3><\/div><div id=\"wpforms-7884-field_64-container\" class=\"wpforms-field wpforms-field-text\" data-field-id=\"64\"><label class=\"wpforms-field-label\" for=\"wpforms-7884-field_64\">Zu welcher Zeit k\u00f6nnen wir dich am besten erreichen? <span class=\"wpforms-required-label\">*<\/span><\/label><input type=\"text\" id=\"wpforms-7884-field_64\" class=\"wpforms-field-large wpforms-field-required\" name=\"wpforms[fields][64]\" required><\/div><div id=\"wpforms-7884-field_84-container\" class=\"wpforms-field wpforms-field-pagebreak\" data-field-id=\"84\"><div class=\"wpforms-clear wpforms-pagebreak-left\"><button class=\"wpforms-page-button wpforms-page-next\" data-action=\"next\" data-page=\"2\" data-formid=\"7884\" disabled>Weiter<\/button><\/div><\/div><\/div><div class=\"wpforms-page wpforms-page-3 last \" data-page=\"3\" style=\"display:none;\"><div id=\"wpforms-7884-field_48-container\" class=\"wpforms-field wpforms-field-divider\" data-field-id=\"48\"><h3 id=\"wpforms-7884-field_48\">Feedback<\/h3><\/div><div id=\"wpforms-7884-field_49-container\" class=\"wpforms-field wpforms-field-select wpforms-one-half wpforms-first wpforms-mobile-full wpforms-conditional-trigger wpforms-field-select-style-classic\" data-field-id=\"49\"><label class=\"wpforms-field-label\" for=\"wpforms-7884-field_49\">Wie hast du von dieser Stellenausschreibung geh\u00f6rt? <span class=\"wpforms-required-label\">*<\/span><\/label><select id=\"wpforms-7884-field_49\" class=\"wpforms-field-large wpforms-field-required\" name=\"wpforms[fields][49]\" required=\"required\"><option value=\"\" class=\"placeholder\" disabled  selected='selected'>Bitte w\u00e4hle aus<\/option><option value=\"Social Media\"  class=\"choice-12 depth-1\"  >Social Media<\/option><option value=\"Join\"  class=\"choice-11 depth-1\"  >Join<\/option><option value=\"eBay Kleinanzeigen\"  class=\"choice-1 depth-1\"  >eBay Kleinanzeigen<\/option><option value=\"Indeed\"  class=\"choice-2 depth-1\"  >Indeed<\/option><option value=\"StepStone\"  class=\"choice-3 depth-1\"  >StepStone<\/option><option value=\"Google Careers\"  class=\"choice-4 depth-1\"  >Google Careers<\/option><option value=\"\u00dcber unsere Website\"  class=\"choice-5 depth-1\"  >\u00dcber unsere Website<\/option><option value=\"\u00dcber lokale Aush\u00e4nge\"  class=\"choice-6 depth-1\"  >\u00dcber lokale Aush\u00e4nge<\/option><option value=\"\u00dcber Freunde, Verwandte oder Bekannte\"  class=\"choice-7 depth-1\"  >\u00dcber Freunde, Verwandte oder Bekannte<\/option><option value=\"Bundesagentur f\u00fcr Arbeit\"  class=\"choice-10 depth-1\"  >Bundesagentur f\u00fcr Arbeit<\/option><option value=\"Sonstige\"  class=\"choice-8 depth-1\"  >Sonstige<\/option><\/select><\/div><div id=\"wpforms-7884-field_50-container\" class=\"wpforms-field wpforms-field-text wpforms-one-half wpforms-mobile-full wpforms-conditional-field wpforms-conditional-show\" data-field-id=\"50\" style=\"display:none;\"><label class=\"wpforms-field-label\" for=\"wpforms-7884-field_50\">Wie genau? <span class=\"wpforms-required-label\">*<\/span><\/label><input type=\"text\" id=\"wpforms-7884-field_50\" class=\"wpforms-field-large wpforms-field-required\" name=\"wpforms[fields][50]\" required><\/div><div id=\"wpforms-7884-field_42-container\" class=\"wpforms-field wpforms-field-divider\" data-field-id=\"42\"><h3 id=\"wpforms-7884-field_42\">Rechtliche Hinweise<\/h3><\/div><div id=\"wpforms-7884-field_41-container\" class=\"wpforms-field wpforms-field-gdpr-checkbox\" data-field-id=\"41\"><label class=\"wpforms-field-label\">DSGVO-Einverst\u00e4ndnis <span class=\"wpforms-required-label\">*<\/span><\/label><ul id=\"wpforms-7884-field_41\" class=\"wpforms-field-required\"><li class=\"choice-1\"><input type=\"checkbox\" id=\"wpforms-7884-field_41_1\" name=\"wpforms[fields][41][]\" value=\"Ich akzeptiere die Datenschutzbestimmungen (Dieses Feld ist obligatorisch, um deine Bewerbung abzuschlie\u00dfen).\" required ><label class=\"wpforms-field-label-inline\" for=\"wpforms-7884-field_41_1\">Ich akzeptiere die Datenschutzbestimmungen (Dieses Feld ist obligatorisch, um deine Bewerbung abzuschlie\u00dfen).<\/label><\/li><\/ul><\/div><div id=\"wpforms-7884-field_44-container\" class=\"wpforms-field wpforms-field-checkbox\" data-field-id=\"44\"><label class=\"wpforms-field-label\">Erweiterte Datenspeicherung<\/label><ul id=\"wpforms-7884-field_44\"><li class=\"choice-1 depth-1\"><input type=\"checkbox\" id=\"wpforms-7884-field_44_1\" name=\"wpforms[fields][44][]\" value=\"Ich m\u00f6chte, dass meine Daten bis zu 3 Jahre gespeichert werden, um f\u00fcr zuk\u00fcnftige Positionen ber\u00fccksichtigt zu werden.\"  ><label class=\"wpforms-field-label-inline\" for=\"wpforms-7884-field_44_1\">Ich m\u00f6chte, dass meine Daten bis zu 3 Jahre gespeichert werden, um f\u00fcr zuk\u00fcnftige Positionen ber\u00fccksichtigt zu werden.<\/label><\/li><\/ul><\/div><div id=\"wpforms-7884-field_83-container\" class=\"wpforms-field wpforms-field-pagebreak\" data-field-id=\"83\"><div class=\"wpforms-clear wpforms-pagebreak-left\"><\/div><\/div><\/div><\/div><!-- .wpforms-field-container --><div class=\"wpforms-submit-container\" style=\"display:none;\"><input type=\"hidden\" name=\"wpforms[id]\" value=\"7884\"><input type=\"hidden\" name=\"page_title\" value=\"\"><input type=\"hidden\" name=\"page_url\" value=\"https:\/\/safedriver.de\/en\/wp-json\/wp\/v2\/pages\/8847\"><input type=\"hidden\" name=\"url_referer\" value=\"\"><button type=\"submit\" name=\"wpforms[submit]\" id=\"wpforms-submit-7884\" class=\"wpforms-submit\" data-alt-text=\"Senden...\" data-submit-text=\"Absenden\" aria-live=\"assertive\" value=\"wpforms-submit\">Absenden<\/button><\/div><\/form><\/div>  <!-- .wpforms-container -->[\/vc_column][\/vc_row]<\/p>\n<\/div>","protected":false},"excerpt":{"rendered":"<p>[vc_row row_height_percent=&#8221;0&#8243; override_padding=&#8221;yes&#8221; h_padding=&#8221;2&#8243; top_padding=&#8221;4&#8243; bottom_padding=&#8221;4&#8243; overlay_alpha=&#8221;50&#8243; gutter_size=&#8221;3&#8243; column_width_percent=&#8221;100&#8243; shift_y=&#8221;0&#8243; z_index=&#8221;0&#8243; uncode_shortcode_id=&#8221;188659&#8243;][vc_column column_width_percent=&#8221;100&#8243; gutter_size=&#8221;3&#8243; back_color=&#8221;color-xsdn&#8221; overlay_alpha=&#8221;50&#8243; shift_x=&#8221;0&#8243; shift_y=&#8221;0&#8243; shift_y_down=&#8221;0&#8243; z_index=&#8221;0&#8243; [&hellip;]<\/p>\n","protected":false},"author":8,"featured_media":0,"parent":0,"menu_order":0,"comment_status":"closed","ping_status":"closed","template":"","meta":{"footnotes":""},"class_list":["post-8847","page","type-page","status-publish","hentry"],"_links":{"self":[{"href":"https:\/\/safedriver.de\/en\/wp-json\/wp\/v2\/pages\/8847","targetHints":{"allow":["GET"]}}],"collection":[{"href":"https:\/\/safedriver.de\/en\/wp-json\/wp\/v2\/pages"}],"about":[{"href":"https:\/\/safedriver.de\/en\/wp-json\/wp\/v2\/types\/page"}],"author":[{"embeddable":true,"href":"https:\/\/safedriver.de\/en\/wp-json\/wp\/v2\/users\/8"}],"replies":[{"embeddable":true,"href":"https:\/\/safedriver.de\/en\/wp-json\/wp\/v2\/comments?post=8847"}],"version-history":[{"count":1,"href":"https:\/\/safedriver.de\/en\/wp-json\/wp\/v2\/pages\/8847\/revisions"}],"predecessor-version":[{"id":8848,"href":"https:\/\/safedriver.de\/en\/wp-json\/wp\/v2\/pages\/8847\/revisions\/8848"}],"wp:attachment":[{"href":"https:\/\/safedriver.de\/en\/wp-json\/wp\/v2\/media?parent=8847"}],"curies":[{"name":"wp","href":"https:\/\/api.w.org\/{rel}","templated":true}]}}