{"id":8849,"date":"2023-12-05T18:45:49","date_gmt":"2023-12-05T17:45:49","guid":{"rendered":"https:\/\/safedriver.de\/job-application-rental-car-driver\/job-application-chauffeur\/"},"modified":"2023-12-13T18:09:11","modified_gmt":"2023-12-13T17:09:11","slug":"job-application-chauffeur","status":"publish","type":"page","link":"https:\/\/safedriver.de\/en\/job-application-rental-car-driver\/job-application-chauffeur\/","title":{"rendered":"Job Application: Chauffeur"},"content":{"rendered":"<div class=\"wpb-content-wrapper\"><p>[vc_row row_height_percent=&#8221;0&#8243; override_padding=&#8221;yes&#8221; h_padding=&#8221;2&#8243; top_padding=&#8221;4&#8243; bottom_padding=&#8221;4&#8243; overlay_alpha=&#8221;50&#8243; gutter_size=&#8221;3&#8243; column_width_percent=&#8221;100&#8243; shift_y=&#8221;0&#8243; z_index=&#8221;0&#8243; uncode_shortcode_id=&#8221;188659&#8243;][vc_column column_width_percent=&#8221;100&#8243; gutter_size=&#8221;3&#8243; back_color=&#8221;color-xsdn&#8221; overlay_alpha=&#8221;50&#8243; shift_x=&#8221;0&#8243; shift_y=&#8221;0&#8243; shift_y_down=&#8221;0&#8243; z_index=&#8221;0&#8243; medium_width=&#8221;0&#8243; mobile_width=&#8221;0&#8243; radius=&#8221;xl&#8221; width=&#8221;1\/1&#8243; uncode_shortcode_id=&#8221;466216&#8243; back_color_type=&#8221;uncode-palette&#8221;]<div class=\"wpforms-container wpforms-container-full\" id=\"wpforms-7854\"><form id=\"wpforms-form-7854\" class=\"wpforms-validate wpforms-form\" data-formid=\"7854\" method=\"post\" enctype=\"multipart\/form-data\" action=\"\/en\/wp-json\/wp\/v2\/pages\/8849?wpforms_form_id=7854\" data-token=\"0dfe6d2d2aee7991c241e5d776d3862d\" data-token-time=\"1775888979\"><noscript class=\"wpforms-error-noscript\">Please enable JavaScript in your browser to complete this form.<\/noscript><div class=\"wpforms-page-indicator progress\" data-indicator=\"progress\" data-indicator-color=\"#72b239\" data-scroll=\"1\"><span class=\"wpforms-page-indicator-page-title\" ><\/span><span class=\"wpforms-page-indicator-page-title-sep\" style=\"display:none;\"> - <\/span><span class=\"wpforms-page-indicator-steps\">Step <span class=\"wpforms-page-indicator-steps-current\">1<\/span> of 3<\/span><div class=\"wpforms-page-indicator-page-progress-wrap\"><div class=\"wpforms-page-indicator-page-progress\" style=\"width:33.333333333333%;background-color:#72b239\"><\/div><\/div><\/div><div class=\"wpforms-field-container\"><div class=\"wpforms-page wpforms-page-1 \" data-page=\"1\"><div id=\"wpforms-7854-field_76-container\" class=\"wpforms-field wpforms-field-pagebreak\" data-field-id=\"76\"><\/div><div id=\"wpforms-7854-field_34-container\" class=\"wpforms-field wpforms-field-divider\" data-field-id=\"34\"><h3 id=\"wpforms-7854-field_34\">Pers\u00f6nliche Informationen<\/h3><\/div><div id=\"wpforms-7854-field_9-container\" class=\"wpforms-field wpforms-field-radio wpforms-list-inline\" data-field-id=\"9\"><label class=\"wpforms-field-label\">Anrede <span class=\"wpforms-required-label\">*<\/span><\/label><ul id=\"wpforms-7854-field_9\" class=\"wpforms-field-required\"><li class=\"choice-1 depth-1\"><input type=\"radio\" id=\"wpforms-7854-field_9_1\" name=\"wpforms[fields][9]\" value=\"Herr\" required ><label class=\"wpforms-field-label-inline\" for=\"wpforms-7854-field_9_1\">Herr<\/label><\/li><li class=\"choice-2 depth-1\"><input type=\"radio\" id=\"wpforms-7854-field_9_2\" name=\"wpforms[fields][9]\" value=\"Frau\" required ><label class=\"wpforms-field-label-inline\" for=\"wpforms-7854-field_9_2\">Frau<\/label><\/li><li class=\"choice-3 depth-1\"><input type=\"radio\" id=\"wpforms-7854-field_9_3\" name=\"wpforms[fields][9]\" value=\"Divers\" required ><label class=\"wpforms-field-label-inline\" for=\"wpforms-7854-field_9_3\">Divers<\/label><\/li><\/ul><\/div><div id=\"wpforms-7854-field_10-container\" class=\"wpforms-field wpforms-field-text wpforms-one-half wpforms-first wpforms-mobile-full\" data-field-id=\"10\"><label class=\"wpforms-field-label\" for=\"wpforms-7854-field_10\">Vorname <span class=\"wpforms-required-label\">*<\/span><\/label><input type=\"text\" id=\"wpforms-7854-field_10\" class=\"wpforms-field-large wpforms-field-required\" name=\"wpforms[fields][10]\" required><\/div><div id=\"wpforms-7854-field_11-container\" class=\"wpforms-field wpforms-field-text wpforms-one-half wpforms-mobile-full\" data-field-id=\"11\"><label class=\"wpforms-field-label\" for=\"wpforms-7854-field_11\">Nachname <span class=\"wpforms-required-label\">*<\/span><\/label><input type=\"text\" id=\"wpforms-7854-field_11\" class=\"wpforms-field-large wpforms-field-required\" name=\"wpforms[fields][11]\" required><\/div><div id=\"wpforms-7854-field_12-container\" class=\"wpforms-field wpforms-field-phone wpforms-one-half wpforms-first wpforms-mobile-full\" data-field-id=\"12\"><label class=\"wpforms-field-label\" for=\"wpforms-7854-field_12\">Telefon <span class=\"wpforms-required-label\">*<\/span><\/label><input type=\"tel\" id=\"wpforms-7854-field_12\" class=\"wpforms-field-large wpforms-field-required\" data-rule-int-phone-field=\"true\" name=\"wpforms[fields][12]\" aria-label=\"Telefon\" required><\/div><div id=\"wpforms-7854-field_13-container\" class=\"wpforms-field wpforms-field-email wpforms-one-half wpforms-mobile-full\" data-field-id=\"13\"><label class=\"wpforms-field-label\" for=\"wpforms-7854-field_13\">E-Mail <span class=\"wpforms-required-label\">*<\/span><\/label><input type=\"email\" id=\"wpforms-7854-field_13\" class=\"wpforms-field-large wpforms-field-required\" name=\"wpforms[fields][13]\" spellcheck=\"false\" required><\/div><div id=\"wpforms-7854-field_65-container\" class=\"wpforms-field wpforms-field-text wpforms-one-half wpforms-first wpforms-mobile-full\" data-field-id=\"65\"><label class=\"wpforms-field-label\" for=\"wpforms-7854-field_65\">Wohnort <span class=\"wpforms-required-label\">*<\/span><\/label><input type=\"text\" id=\"wpforms-7854-field_65\" class=\"wpforms-field-large wpforms-field-required\" name=\"wpforms[fields][65]\" required><\/div><div id=\"wpforms-7854-field_66-container\" class=\"wpforms-field wpforms-field-text wpforms-one-half wpforms-mobile-full\" data-field-id=\"66\"><label class=\"wpforms-field-label\" for=\"wpforms-7854-field_66\">Postleitzahl <span class=\"wpforms-required-label\">*<\/span><\/label><input type=\"text\" id=\"wpforms-7854-field_66\" class=\"wpforms-field-large wpforms-field-required\" name=\"wpforms[fields][66]\" required><\/div><div id=\"wpforms-7854-field_75-container\" class=\"wpforms-field wpforms-field-pagebreak\" data-field-id=\"75\"><div class=\"wpforms-clear wpforms-pagebreak-left\"><button class=\"wpforms-page-button wpforms-page-next\" data-action=\"next\" data-page=\"1\" data-formid=\"7854\" disabled>Weiter<\/button><\/div><\/div><\/div><div class=\"wpforms-page wpforms-page-2  \" data-page=\"2\" style=\"display:none;\"><div id=\"wpforms-7854-field_36-container\" class=\"wpforms-field wpforms-field-divider\" data-field-id=\"36\"><h3 id=\"wpforms-7854-field_36\">Arbeitsort und -vertrag<\/h3><\/div><div id=\"wpforms-7854-field_35-container\" class=\"wpforms-field wpforms-field-select wpforms-one-half wpforms-first wpforms-mobile-full wpforms-field-select-style-classic\" data-field-id=\"35\"><label class=\"wpforms-field-label\" for=\"wpforms-7854-field_35\">In welcher Stadt m\u00f6chtest du als Event Chauffeur (m\/w\/d) arbeiten? <span class=\"wpforms-required-label\">*<\/span><\/label><select id=\"wpforms-7854-field_35\" class=\"wpforms-field-large wpforms-field-required\" name=\"wpforms[fields][35]\" required=\"required\"><option value=\"\" class=\"placeholder\" disabled  selected='selected'>W\u00e4hle eine Stadt<\/option><option value=\"Berlin\"  class=\"choice-1 depth-1\"  >Berlin<\/option><option value=\"deutschlandweit\"  class=\"choice-2 depth-1\"  >deutschlandweit<\/option><\/select><\/div><div id=\"wpforms-7854-field_69-container\" class=\"wpforms-field wpforms-field-select wpforms-one-half wpforms-mobile-full wpforms-field-select-style-classic\" data-field-id=\"69\"><label class=\"wpforms-field-label\" for=\"wpforms-7854-field_69\">F\u00fcr welchen Arbeitsvertrag interessierst du dich? (kopieren) <span class=\"wpforms-required-label\">*<\/span><\/label><select id=\"wpforms-7854-field_69\" class=\"wpforms-field-large wpforms-field-required\" name=\"wpforms[fields][69]\" required=\"required\"><option value=\"\" class=\"placeholder\" disabled  selected='selected'>W\u00e4hle ein Arbeitszeitmodell<\/option><option value=\"Teilzeit\"  class=\"choice-1 depth-1\"  >Teilzeit<\/option><option value=\"Mini-Job\"  class=\"choice-3 depth-1\"  >Mini-Job<\/option><\/select><\/div><div id=\"wpforms-7854-field_39-container\" class=\"wpforms-field wpforms-field-divider\" data-field-id=\"39\"><h3 id=\"wpforms-7854-field_39\">Fahrerlaubnis und -erfahrung<\/h3><\/div><div id=\"wpforms-7854-field_15-container\" class=\"wpforms-field wpforms-field-radio wpforms-one-half wpforms-first wpforms-mobile-full wpforms-list-inline\" data-field-id=\"15\"><label class=\"wpforms-field-label\">Besitzt du den EU-F\u00fchrerschein f\u00fcr PKW (Klasse B)? <span class=\"wpforms-required-label\">*<\/span><\/label><ul id=\"wpforms-7854-field_15\" class=\"wpforms-field-required\"><li class=\"choice-1 depth-1\"><input type=\"radio\" id=\"wpforms-7854-field_15_1\" name=\"wpforms[fields][15]\" value=\"Ja\" required ><label class=\"wpforms-field-label-inline\" for=\"wpforms-7854-field_15_1\">Ja<\/label><\/li><li class=\"choice-2 depth-1\"><input type=\"radio\" id=\"wpforms-7854-field_15_2\" name=\"wpforms[fields][15]\" value=\"Nein\" required ><label class=\"wpforms-field-label-inline\" for=\"wpforms-7854-field_15_2\">Nein<\/label><\/li><\/ul><\/div><div id=\"wpforms-7854-field_68-container\" class=\"wpforms-field wpforms-field-radio wpforms-one-half wpforms-mobile-full wpforms-list-inline wpforms-conditional-trigger\" data-field-id=\"68\"><label class=\"wpforms-field-label\">Besitzt du die Fahrerlaubnis zur Fahrgastbef\u00f6rderung (P-Schein)? <span class=\"wpforms-required-label\">*<\/span><\/label><ul id=\"wpforms-7854-field_68\" class=\"wpforms-field-required\"><li class=\"choice-1 depth-1\"><input type=\"radio\" id=\"wpforms-7854-field_68_1\" name=\"wpforms[fields][68]\" value=\"Ja\" required ><label class=\"wpforms-field-label-inline\" for=\"wpforms-7854-field_68_1\">Ja<\/label><\/li><li class=\"choice-2 depth-1\"><input type=\"radio\" id=\"wpforms-7854-field_68_2\" name=\"wpforms[fields][68]\" value=\"Nein\" required ><label class=\"wpforms-field-label-inline\" for=\"wpforms-7854-field_68_2\">Nein<\/label><\/li><li class=\"choice-3 depth-1\"><input type=\"radio\" id=\"wpforms-7854-field_68_3\" name=\"wpforms[fields][68]\" value=\"beantragt\" required ><label class=\"wpforms-field-label-inline\" for=\"wpforms-7854-field_68_3\">beantragt<\/label><\/li><\/ul><\/div><div id=\"wpforms-7854-field_67-container\" class=\"wpforms-field wpforms-field-file-upload\" data-field-id=\"67\"><label class=\"wpforms-field-label\" for=\"wpforms-7854-field_67\">Dateien hochladen<\/label><div\n\t\tclass=\"wpforms-uploader \"\n\t\tdata-field-id=\"67\"\n\t\tdata-form-id=\"7854\"\n\t\tdata-input-name=\"wpforms_7854_67\"\n\t\tdata-extensions=\"jpg,jpeg,jpe,gif,png,bmp,tiff,tif,webp,avif,ico,heic,heif,heics,heifs,asf,asx,wmv,wmx,wm,avi,divx,mov,qt,mpeg,mpg,mpe,mp4,m4v,ogv,webm,mkv,3gp,3gpp,3g2,3gp2,txt,asc,c,cc,h,srt,csv,tsv,ics,rtx,css,vtt,mp3,m4a,m4b,aac,ra,ram,wav,x-wav,ogg,oga,flac,mid,midi,wma,wax,mka,rtf,pdf,class,tar,zip,gz,gzip,rar,7z,psd,xcf,doc,pot,pps,ppt,wri,xla,xls,xlt,xlw,mpp,docx,docm,dotx,dotm,xlsx,xlsm,xlsb,xltx,xltm,xlam,pptx,pptm,ppsx,ppsm,potx,potm,ppam,sldx,sldm,onetoc,onetoc2,onepkg,oxps,xps,odt,odp,ods,odg,odc,odb,odf,wp,wpd,key,numbers,pages,svg\"\n\t\tdata-max-size=\"33554432\"\n\t\tdata-max-file-number=\"5\"\n\t\tdata-post-max-size=\"33554432\"\n\t\tdata-max-parallel-uploads=\"4\"\n\t\tdata-parallel-uploads=\"true\"\n\t\tdata-file-chunk-size=\"2097152\">\n\t<div class=\"dz-message\">\n\t\t<svg  viewBox=\"0 0 640 640\" focusable=\"false\" data-icon=\"inbox\" width=\"50px\" height=\"50px\" fill=\"currentColor\" aria-hidden=\"true\">\n\t\t\t<path d=\"M352 173.3L352 384C352 401.7 337.7 416 320 416C302.3 416 288 401.7 288 384L288 173.3L246.6 214.7C234.1 227.2 213.8 227.2 201.3 214.7C188.8 202.2 188.8 181.9 201.3 169.4L297.3 73.4C309.8 60.9 330.1 60.9 342.6 73.4L438.6 169.4C451.1 181.9 451.1 202.2 438.6 214.7C426.1 227.2 405.8 227.2 393.3 214.7L352 173.3zM320 464C364.2 464 400 428.2 400 384L480 384C515.3 384 544 412.7 544 448L544 480C544 515.3 515.3 544 480 544L160 544C124.7 544 96 515.3 96 480L96 448C96 412.7 124.7 384 160 384L240 384C240 428.2 275.8 464 320 464zM464 488C477.3 488 488 477.3 488 464C488 450.7 477.3 440 464 440C450.7 440 440 450.7 440 464C440 477.3 450.7 488 464 488z\"\/>\n\t\t<\/svg>\n\n\t\t<span class=\"modern-title\">\n\t\t\t\t\t\t\tDrag &amp; Drop Files, \t\t\t\t<span>Choose Files to Upload<\/span>\n\t\t\t\t\t<\/span>\n\n\t\t\t\t\t<span class=\"modern-hint\">You can upload up to 5 files.<\/span>\n\t\t\t<\/div>\n<\/div>\n\n<input\n\t\ttype=\"text\"\n\t\tautocomplete=\"off\"\n\t\treadonly\n\t\tclass=\"dropzone-input\"\n\t\tstyle=\"position:absolute!important;clip:rect(0,0,0,0)!important;height:1px!important;width:1px!important;border:0!important;overflow:hidden!important;padding:0!important;margin:0!important;\"\n\t\tid=\"wpforms-7854-field_67\"\n\t\tname=\"wpforms_7854_67\" \t\tvalue=\"\">\n<div class=\"wpforms-field-description\">Bitte lade deinen Lebenslauf,  eine Kopie deines F\u00fchrerscheins und bei Bedarf andere relevanten Dokumente ( Anschreiben, Zusatzqualifikationen, etc.) hoch.\n<\/div><\/div><div id=\"wpforms-7854-field_70-container\" class=\"wpforms-field wpforms-field-divider wpforms-conditional-field wpforms-conditional-show\" data-field-id=\"70\" style=\"display:none;\"><h3 id=\"wpforms-7854-field_70\">Weitere Fragen<\/h3><\/div><div id=\"wpforms-7854-field_71-container\" class=\"wpforms-field wpforms-field-radio wpforms-one-half wpforms-first wpforms-mobile-full wpforms-list-inline wpforms-conditional-field wpforms-conditional-show\" data-field-id=\"71\" style=\"display:none;\"><label class=\"wpforms-field-label\">Bist du \u00e4lter als 21? <span class=\"wpforms-required-label\">*<\/span><\/label><ul id=\"wpforms-7854-field_71\" class=\"wpforms-field-required\"><li class=\"choice-1 depth-1\"><input type=\"radio\" id=\"wpforms-7854-field_71_1\" name=\"wpforms[fields][71]\" value=\"Ja\" required ><label class=\"wpforms-field-label-inline\" for=\"wpforms-7854-field_71_1\">Ja<\/label><\/li><li class=\"choice-2 depth-1\"><input type=\"radio\" id=\"wpforms-7854-field_71_2\" name=\"wpforms[fields][71]\" value=\"Nein\" required ><label class=\"wpforms-field-label-inline\" for=\"wpforms-7854-field_71_2\">Nein<\/label><\/li><\/ul><\/div><div id=\"wpforms-7854-field_72-container\" class=\"wpforms-field wpforms-field-radio wpforms-one-half wpforms-mobile-full wpforms-list-inline wpforms-conditional-field wpforms-conditional-show\" data-field-id=\"72\" style=\"display:none;\"><label class=\"wpforms-field-label\">Besitzt du einen EU-F\u00fchrerschein l\u00e4nger als 2 Jahre? <span class=\"wpforms-required-label\">*<\/span><\/label><ul id=\"wpforms-7854-field_72\" class=\"wpforms-field-required\"><li class=\"choice-1 depth-1\"><input type=\"radio\" id=\"wpforms-7854-field_72_1\" name=\"wpforms[fields][72]\" value=\"Ja\" required ><label class=\"wpforms-field-label-inline\" for=\"wpforms-7854-field_72_1\">Ja<\/label><\/li><li class=\"choice-2 depth-1\"><input type=\"radio\" id=\"wpforms-7854-field_72_2\" name=\"wpforms[fields][72]\" value=\"Nein\" required ><label class=\"wpforms-field-label-inline\" for=\"wpforms-7854-field_72_2\">Nein<\/label><\/li><\/ul><\/div><div id=\"wpforms-7854-field_73-container\" class=\"wpforms-field wpforms-field-radio wpforms-one-half wpforms-first wpforms-mobile-full wpforms-list-inline wpforms-conditional-field wpforms-conditional-show\" data-field-id=\"73\" style=\"display:none;\"><label class=\"wpforms-field-label\">Hast du ein sauberes F\u00fchrungszeugnis? <span class=\"wpforms-required-label\">*<\/span><\/label><ul id=\"wpforms-7854-field_73\" class=\"wpforms-field-required\"><li class=\"choice-1 depth-1\"><input type=\"radio\" id=\"wpforms-7854-field_73_1\" name=\"wpforms[fields][73]\" value=\"Ja\" required ><label class=\"wpforms-field-label-inline\" for=\"wpforms-7854-field_73_1\">Ja<\/label><\/li><li class=\"choice-2 depth-1\"><input type=\"radio\" id=\"wpforms-7854-field_73_2\" name=\"wpforms[fields][73]\" value=\"Nein\" required ><label class=\"wpforms-field-label-inline\" for=\"wpforms-7854-field_73_2\">Nein<\/label><\/li><\/ul><\/div><div id=\"wpforms-7854-field_74-container\" class=\"wpforms-field wpforms-field-radio wpforms-one-half wpforms-mobile-full wpforms-list-inline wpforms-conditional-field wpforms-conditional-show\" data-field-id=\"74\" style=\"display:none;\"><label class=\"wpforms-field-label\">Hast du weniger als 2 Punkte in Flensburg? <span class=\"wpforms-required-label\">*<\/span><\/label><ul id=\"wpforms-7854-field_74\" class=\"wpforms-field-required\"><li class=\"choice-1 depth-1\"><input type=\"radio\" id=\"wpforms-7854-field_74_1\" name=\"wpforms[fields][74]\" value=\"Ja\" required ><label class=\"wpforms-field-label-inline\" for=\"wpforms-7854-field_74_1\">Ja<\/label><\/li><li class=\"choice-2 depth-1\"><input type=\"radio\" id=\"wpforms-7854-field_74_2\" name=\"wpforms[fields][74]\" value=\"Nein\" required ><label class=\"wpforms-field-label-inline\" for=\"wpforms-7854-field_74_2\">Nein<\/label><\/li><\/ul><\/div><div id=\"wpforms-7854-field_62-container\" class=\"wpforms-field wpforms-field-divider\" data-field-id=\"62\"><h3 id=\"wpforms-7854-field_62\">Telefonische Erreichbarkeit<\/h3><\/div><div id=\"wpforms-7854-field_64-container\" class=\"wpforms-field wpforms-field-text\" data-field-id=\"64\"><label class=\"wpforms-field-label\" for=\"wpforms-7854-field_64\">Zu welcher Zeit k\u00f6nnen wir dich am besten erreichen? <span class=\"wpforms-required-label\">*<\/span><\/label><input type=\"text\" id=\"wpforms-7854-field_64\" class=\"wpforms-field-large wpforms-field-required\" name=\"wpforms[fields][64]\" required><\/div><div id=\"wpforms-7854-field_78-container\" class=\"wpforms-field wpforms-field-pagebreak\" data-field-id=\"78\"><div class=\"wpforms-clear wpforms-pagebreak-left\"><button class=\"wpforms-page-button wpforms-page-next\" data-action=\"next\" data-page=\"2\" data-formid=\"7854\" disabled>Weiter<\/button><\/div><\/div><\/div><div class=\"wpforms-page wpforms-page-3 last \" data-page=\"3\" style=\"display:none;\"><div id=\"wpforms-7854-field_48-container\" class=\"wpforms-field wpforms-field-divider\" data-field-id=\"48\"><h3 id=\"wpforms-7854-field_48\">Feedback<\/h3><\/div><div id=\"wpforms-7854-field_49-container\" class=\"wpforms-field wpforms-field-select wpforms-one-half wpforms-first wpforms-mobile-full wpforms-conditional-trigger wpforms-field-select-style-classic\" data-field-id=\"49\"><label class=\"wpforms-field-label\" for=\"wpforms-7854-field_49\">Wie hast du von dieser Stellenausschreibung geh\u00f6rt? <span class=\"wpforms-required-label\">*<\/span><\/label><select id=\"wpforms-7854-field_49\" class=\"wpforms-field-large wpforms-field-required\" name=\"wpforms[fields][49]\" required=\"required\"><option value=\"\" class=\"placeholder\" disabled  selected='selected'>Bitte w\u00e4hle aus<\/option><option value=\"Social Media\"  class=\"choice-12 depth-1\"  >Social Media<\/option><option value=\"Join\"  class=\"choice-11 depth-1\"  >Join<\/option><option value=\"eBay Kleinanzeigen\"  class=\"choice-1 depth-1\"  >eBay Kleinanzeigen<\/option><option value=\"Indeed\"  class=\"choice-2 depth-1\"  >Indeed<\/option><option value=\"StepStone\"  class=\"choice-3 depth-1\"  >StepStone<\/option><option value=\"Google Careers\"  class=\"choice-4 depth-1\"  >Google Careers<\/option><option value=\"\u00dcber unsere Website\"  class=\"choice-5 depth-1\"  >\u00dcber unsere Website<\/option><option value=\"\u00dcber lokale Aush\u00e4nge\"  class=\"choice-6 depth-1\"  >\u00dcber lokale Aush\u00e4nge<\/option><option value=\"\u00dcber Freunde, Verwandte oder Bekannte\"  class=\"choice-7 depth-1\"  >\u00dcber Freunde, Verwandte oder Bekannte<\/option><option value=\"Bundesagentur f\u00fcr Arbeit\"  class=\"choice-10 depth-1\"  >Bundesagentur f\u00fcr Arbeit<\/option><option value=\"Sonstige\"  class=\"choice-8 depth-1\"  >Sonstige<\/option><\/select><\/div><div id=\"wpforms-7854-field_50-container\" class=\"wpforms-field wpforms-field-text wpforms-one-half wpforms-mobile-full wpforms-conditional-field wpforms-conditional-show\" data-field-id=\"50\" style=\"display:none;\"><label class=\"wpforms-field-label\" for=\"wpforms-7854-field_50\">Wie genau? <span class=\"wpforms-required-label\">*<\/span><\/label><input type=\"text\" id=\"wpforms-7854-field_50\" class=\"wpforms-field-large wpforms-field-required\" name=\"wpforms[fields][50]\" required><\/div><div id=\"wpforms-7854-field_42-container\" class=\"wpforms-field wpforms-field-divider\" data-field-id=\"42\"><h3 id=\"wpforms-7854-field_42\">Rechtliche Hinweise<\/h3><\/div><div id=\"wpforms-7854-field_41-container\" class=\"wpforms-field wpforms-field-gdpr-checkbox\" data-field-id=\"41\"><label class=\"wpforms-field-label\">DSGVO-Einverst\u00e4ndnis <span class=\"wpforms-required-label\">*<\/span><\/label><ul id=\"wpforms-7854-field_41\" class=\"wpforms-field-required\"><li class=\"choice-1\"><input type=\"checkbox\" id=\"wpforms-7854-field_41_1\" name=\"wpforms[fields][41][]\" value=\"Ich akzeptiere die Datenschutzbestimmungen (Dieses Feld ist obligatorisch, um deine Bewerbung abzuschlie\u00dfen).\" required ><label class=\"wpforms-field-label-inline\" for=\"wpforms-7854-field_41_1\">Ich akzeptiere die Datenschutzbestimmungen (Dieses Feld ist obligatorisch, um deine Bewerbung abzuschlie\u00dfen).<\/label><\/li><\/ul><\/div><div id=\"wpforms-7854-field_44-container\" class=\"wpforms-field wpforms-field-checkbox\" data-field-id=\"44\"><label class=\"wpforms-field-label\">Erweiterte Datenspeicherung<\/label><ul id=\"wpforms-7854-field_44\"><li class=\"choice-1 depth-1\"><input type=\"checkbox\" id=\"wpforms-7854-field_44_1\" name=\"wpforms[fields][44][]\" value=\"Ich m\u00f6chte, dass meine Daten bis zu 3 Jahre gespeichert werden, um f\u00fcr zuk\u00fcnftige Positionen ber\u00fccksichtigt zu werden.\"  ><label class=\"wpforms-field-label-inline\" for=\"wpforms-7854-field_44_1\">Ich m\u00f6chte, dass meine Daten bis zu 3 Jahre gespeichert werden, um f\u00fcr zuk\u00fcnftige Positionen ber\u00fccksichtigt zu werden.<\/label><\/li><\/ul><\/div><div id=\"wpforms-7854-field_77-container\" class=\"wpforms-field wpforms-field-pagebreak\" data-field-id=\"77\"><div class=\"wpforms-clear wpforms-pagebreak-left\"><\/div><\/div><\/div><\/div><!-- .wpforms-field-container --><div class=\"wpforms-submit-container\" style=\"display:none;\"><input type=\"hidden\" name=\"wpforms[id]\" value=\"7854\"><input type=\"hidden\" name=\"page_title\" value=\"\"><input type=\"hidden\" name=\"page_url\" value=\"https:\/\/safedriver.de\/en\/wp-json\/wp\/v2\/pages\/8849\"><input type=\"hidden\" name=\"url_referer\" value=\"\"><button type=\"submit\" name=\"wpforms[submit]\" id=\"wpforms-submit-7854\" class=\"wpforms-submit\" data-alt-text=\"Senden...\" data-submit-text=\"Absenden\" aria-live=\"assertive\" value=\"wpforms-submit\">Absenden<\/button><\/div><\/form><\/div>  <!-- .wpforms-container -->[\/vc_column][\/vc_row]<\/p>\n<\/div>","protected":false},"excerpt":{"rendered":"<p>[vc_row row_height_percent=&#8221;0&#8243; override_padding=&#8221;yes&#8221; h_padding=&#8221;2&#8243; top_padding=&#8221;4&#8243; bottom_padding=&#8221;4&#8243; overlay_alpha=&#8221;50&#8243; gutter_size=&#8221;3&#8243; column_width_percent=&#8221;100&#8243; shift_y=&#8221;0&#8243; z_index=&#8221;0&#8243; uncode_shortcode_id=&#8221;188659&#8243;][vc_column column_width_percent=&#8221;100&#8243; gutter_size=&#8221;3&#8243; back_color=&#8221;color-xsdn&#8221; overlay_alpha=&#8221;50&#8243; shift_x=&#8221;0&#8243; shift_y=&#8221;0&#8243; shift_y_down=&#8221;0&#8243; z_index=&#8221;0&#8243; [&hellip;]<\/p>\n","protected":false},"author":8,"featured_media":0,"parent":8847,"menu_order":0,"comment_status":"closed","ping_status":"closed","template":"","meta":{"footnotes":""},"class_list":["post-8849","page","type-page","status-publish","hentry"],"_links":{"self":[{"href":"https:\/\/safedriver.de\/en\/wp-json\/wp\/v2\/pages\/8849","targetHints":{"allow":["GET"]}}],"collection":[{"href":"https:\/\/safedriver.de\/en\/wp-json\/wp\/v2\/pages"}],"about":[{"href":"https:\/\/safedriver.de\/en\/wp-json\/wp\/v2\/types\/page"}],"author":[{"embeddable":true,"href":"https:\/\/safedriver.de\/en\/wp-json\/wp\/v2\/users\/8"}],"replies":[{"embeddable":true,"href":"https:\/\/safedriver.de\/en\/wp-json\/wp\/v2\/comments?post=8849"}],"version-history":[{"count":1,"href":"https:\/\/safedriver.de\/en\/wp-json\/wp\/v2\/pages\/8849\/revisions"}],"predecessor-version":[{"id":8850,"href":"https:\/\/safedriver.de\/en\/wp-json\/wp\/v2\/pages\/8849\/revisions\/8850"}],"up":[{"embeddable":true,"href":"https:\/\/safedriver.de\/en\/wp-json\/wp\/v2\/pages\/8847"}],"wp:attachment":[{"href":"https:\/\/safedriver.de\/en\/wp-json\/wp\/v2\/media?parent=8849"}],"curies":[{"name":"wp","href":"https:\/\/api.w.org\/{rel}","templated":true}]}}